{"id":996,"date":"2024-04-22T07:11:54","date_gmt":"2024-04-22T10:11:54","guid":{"rendered":"https:\/\/venero.com.br\/?page_id=996"},"modified":"2024-06-27T13:39:37","modified_gmt":"2024-06-27T16:39:37","slug":"front_page","status":"publish","type":"page","link":"https:\/\/venero.com.br\/","title":{"rendered":"Home"},"content":{"rendered":"\n\n\n\n\n\n\n\n\n\n\n\n\n\n","protected":false},"excerpt":{"rendered":"","protected":false},"author":1,"featured_media":0,"parent":0,"menu_order":0,"comment_status":"closed","ping_status":"closed","template":"","meta":{"saved_in_kubio":true,"_monsterinsights_skip_tracking":false,"_monsterinsights_sitenote_active":false,"_monsterinsights_sitenote_note":"","_monsterinsights_sitenote_category":0,"ngg_post_thumbnail":0,"footnotes":""},"kubio_ai_page_context":{"short_desc":"","purpose":"general"},"yoast_head":"<!-- This site is optimized with the Yoast SEO plugin v23.1 - https:\/\/yoast.com\/wordpress\/plugins\/seo\/ -->\n<title>Venezianas - Venero Shutters<\/title>\n<meta name=\"description\" content=\"Explore nossa exclusiva cole\u00e7\u00e3o de Venezianas de luxo em madeira. Eleg\u00e2ncia atemporal e qualidade superior para transformar seu espa\u00e7o.\" \/>\n<meta name=\"robots\" content=\"index, follow, max-snippet:-1, max-image-preview:large, max-video-preview:-1\" \/>\n<link rel=\"canonical\" href=\"https:\/\/venero.com.br\/\" \/>\n<meta property=\"og:locale\" content=\"pt_BR\" \/>\n<meta property=\"og:type\" content=\"article\" \/>\n<meta property=\"og:title\" content=\"Venezianas - Venero Shutters\" \/>\n<meta property=\"og:description\" content=\"Explore nossa exclusiva cole\u00e7\u00e3o de Venezianas de luxo em madeira. Eleg\u00e2ncia atemporal e qualidade superior para transformar seu espa\u00e7o.\" \/>\n<meta property=\"og:url\" content=\"https:\/\/venero.com.br\/\" \/>\n<meta property=\"og:site_name\" content=\"Venero Shutters\" \/>\n<meta property=\"article:modified_time\" content=\"2024-06-27T16:39:37+00:00\" \/>\n<meta name=\"twitter:card\" content=\"summary_large_image\" \/>\n<script type=\"application\/ld+json\" class=\"yoast-schema-graph\">{\"@context\":\"https:\/\/schema.org\",\"@graph\":[{\"@type\":\"WebPage\",\"@id\":\"https:\/\/venero.com.br\/\",\"url\":\"https:\/\/venero.com.br\/\",\"name\":\"Venezianas - Venero Shutters\",\"isPartOf\":{\"@id\":\"https:\/\/venero.com.br\/#website\"},\"datePublished\":\"2024-04-22T10:11:54+00:00\",\"dateModified\":\"2024-06-27T16:39:37+00:00\",\"description\":\"Explore nossa exclusiva cole\u00e7\u00e3o de Venezianas de luxo em madeira. Eleg\u00e2ncia atemporal e qualidade superior para transformar seu espa\u00e7o.\",\"breadcrumb\":{\"@id\":\"https:\/\/venero.com.br\/#breadcrumb\"},\"inLanguage\":\"pt-BR\",\"potentialAction\":[{\"@type\":\"ReadAction\",\"target\":[\"https:\/\/venero.com.br\/\"]}]},{\"@type\":\"BreadcrumbList\",\"@id\":\"https:\/\/venero.com.br\/#breadcrumb\",\"itemListElement\":[{\"@type\":\"ListItem\",\"position\":1,\"name\":\"Home\",\"item\":\"https:\/\/venero.com.br\/\"},{\"@type\":\"ListItem\",\"position\":2,\"name\":\"Home\"}]},{\"@type\":\"WebSite\",\"@id\":\"https:\/\/venero.com.br\/#website\",\"url\":\"https:\/\/venero.com.br\/\",\"name\":\"Venero Shutters\",\"description\":\"Venezianas de luxo \",\"publisher\":{\"@id\":\"https:\/\/venero.com.br\/#organization\"},\"potentialAction\":[{\"@type\":\"SearchAction\",\"target\":{\"@type\":\"EntryPoint\",\"urlTemplate\":\"https:\/\/venero.com.br\/?s={search_term_string}\"},\"query-input\":\"required name=search_term_string\"}],\"inLanguage\":\"pt-BR\"},{\"@type\":\"Organization\",\"@id\":\"https:\/\/venero.com.br\/#organization\",\"name\":\"Venero Shutters\",\"url\":\"https:\/\/venero.com.br\/\",\"logo\":{\"@type\":\"ImageObject\",\"inLanguage\":\"pt-BR\",\"@id\":\"https:\/\/venero.com.br\/#\/schema\/logo\/image\/\",\"url\":\"https:\/\/venero.com.br\/wp-content\/uploads\/2024\/04\/Logomarca-Venero-Branca.png\",\"contentUrl\":\"https:\/\/venero.com.br\/wp-content\/uploads\/2024\/04\/Logomarca-Venero-Branca.png\",\"width\":1828,\"height\":386,\"caption\":\"Venero Shutters\"},\"image\":{\"@id\":\"https:\/\/venero.com.br\/#\/schema\/logo\/image\/\"}}]}<\/script>\n<!-- \/ Yoast SEO plugin. -->","yoast_head_json":{"title":"Venezianas - Venero Shutters","description":"Explore nossa exclusiva cole\u00e7\u00e3o de Venezianas de luxo em madeira. Eleg\u00e2ncia atemporal e qualidade superior para transformar seu espa\u00e7o.","robots":{"index":"index","follow":"follow","max-snippet":"max-snippet:-1","max-image-preview":"max-image-preview:large","max-video-preview":"max-video-preview:-1"},"canonical":"https:\/\/venero.com.br\/","og_locale":"pt_BR","og_type":"article","og_title":"Venezianas - Venero Shutters","og_description":"Explore nossa exclusiva cole\u00e7\u00e3o de Venezianas de luxo em madeira. Eleg\u00e2ncia atemporal e qualidade superior para transformar seu espa\u00e7o.","og_url":"https:\/\/venero.com.br\/","og_site_name":"Venero Shutters","article_modified_time":"2024-06-27T16:39:37+00:00","twitter_card":"summary_large_image","schema":{"@context":"https:\/\/schema.org","@graph":[{"@type":"WebPage","@id":"https:\/\/venero.com.br\/","url":"https:\/\/venero.com.br\/","name":"Venezianas - Venero Shutters","isPartOf":{"@id":"https:\/\/venero.com.br\/#website"},"datePublished":"2024-04-22T10:11:54+00:00","dateModified":"2024-06-27T16:39:37+00:00","description":"Explore nossa exclusiva cole\u00e7\u00e3o de Venezianas de luxo em madeira. Eleg\u00e2ncia atemporal e qualidade superior para transformar seu espa\u00e7o.","breadcrumb":{"@id":"https:\/\/venero.com.br\/#breadcrumb"},"inLanguage":"pt-BR","potentialAction":[{"@type":"ReadAction","target":["https:\/\/venero.com.br\/"]}]},{"@type":"BreadcrumbList","@id":"https:\/\/venero.com.br\/#breadcrumb","itemListElement":[{"@type":"ListItem","position":1,"name":"Home","item":"https:\/\/venero.com.br\/"},{"@type":"ListItem","position":2,"name":"Home"}]},{"@type":"WebSite","@id":"https:\/\/venero.com.br\/#website","url":"https:\/\/venero.com.br\/","name":"Venero Shutters","description":"Venezianas de luxo ","publisher":{"@id":"https:\/\/venero.com.br\/#organization"},"potentialAction":[{"@type":"SearchAction","target":{"@type":"EntryPoint","urlTemplate":"https:\/\/venero.com.br\/?s={search_term_string}"},"query-input":"required name=search_term_string"}],"inLanguage":"pt-BR"},{"@type":"Organization","@id":"https:\/\/venero.com.br\/#organization","name":"Venero Shutters","url":"https:\/\/venero.com.br\/","logo":{"@type":"ImageObject","inLanguage":"pt-BR","@id":"https:\/\/venero.com.br\/#\/schema\/logo\/image\/","url":"https:\/\/venero.com.br\/wp-content\/uploads\/2024\/04\/Logomarca-Venero-Branca.png","contentUrl":"https:\/\/venero.com.br\/wp-content\/uploads\/2024\/04\/Logomarca-Venero-Branca.png","width":1828,"height":386,"caption":"Venero Shutters"},"image":{"@id":"https:\/\/venero.com.br\/#\/schema\/logo\/image\/"}}]}},"_links":{"self":[{"href":"https:\/\/venero.com.br\/index.php?rest_route=\/wp\/v2\/pages\/996"}],"collection":[{"href":"https:\/\/venero.com.br\/index.php?rest_route=\/wp\/v2\/pages"}],"about":[{"href":"https:\/\/venero.com.br\/index.php?rest_route=\/wp\/v2\/types\/page"}],"author":[{"embeddable":true,"href":"https:\/\/venero.com.br\/index.php?rest_route=\/wp\/v2\/users\/1"}],"replies":[{"embeddable":true,"href":"https:\/\/venero.com.br\/index.php?rest_route=%2Fwp%2Fv2%2Fcomments&post=996"}],"version-history":[{"count":25,"href":"https:\/\/venero.com.br\/index.php?rest_route=\/wp\/v2\/pages\/996\/revisions"}],"predecessor-version":[{"id":1284,"href":"https:\/\/venero.com.br\/index.php?rest_route=\/wp\/v2\/pages\/996\/revisions\/1284"}],"wp:attachment":[{"href":"https:\/\/venero.com.br\/index.php?rest_route=%2Fwp%2Fv2%2Fmedia&parent=996"}],"curies":[{"name":"wp","href":"https:\/\/api.w.org\/{rel}","templated":true}]}}